{"id":808,"date":"2025-12-16T18:07:38","date_gmt":"2025-12-16T17:07:38","guid":{"rendered":"https:\/\/toncaraim.com\/?page_id=808"},"modified":"2025-12-16T20:41:33","modified_gmt":"2025-12-16T19:41:33","slug":"start","status":"publish","type":"page","link":"https:\/\/toncaraim.com\/?page_id=808","title":{"rendered":"START"},"content":{"rendered":"<pre data-start=\"450\" data-end=\"461\"><span style=\"font-family: 'courier new', courier;\"><strong data-start=\"450\" data-end=\"459\">START<\/strong><\/span>\r\n\r\n<span style=\"font-family: 'courier new', courier;\">To jest strona o pisaniu, my\u015bleniu i s\u0142uchaniu.<\/span>\r\n\r\n<span style=\"font-family: 'courier new', courier;\">O poezji, zapisie i d\u017awi\u0119ku.<\/span><br data-start=\"552\" data-end=\"555\" \/><span style=\"font-family: 'courier new', courier;\">O porz\u0105dkowaniu sens\u00f3w \u2013 nie zawsze wprost.<\/span>\r\n\r\n<span style=\"font-family: 'courier new', courier;\">Mo\u017cesz wej\u015b\u0107 r\u00f3\u017cnymi drogami.<\/span>\r\n\r\n<span style=\"font-family: 'courier new', courier;\"><em data-start=\"647\" data-end=\"659\">Tonca Raim<\/em><\/span><\/pre>\n","protected":false},"excerpt":{"rendered":"<p>START To jest strona o pisaniu, my\u015bleniu i s\u0142uchaniu. O poezji, zapisie i d\u017awi\u0119ku.O porz\u0105dkowaniu sens\u00f3w \u2013 nie zawsze wprost. Mo\u017cesz wej\u015b\u0107 r\u00f3\u017cnymi drogami. Tonca Raim<\/p>\n","protected":false},"author":1,"featured_media":0,"parent":0,"menu_order":0,"comment_status":"closed","ping_status":"closed","template":"templates\/template-full-width.php","meta":{"footnotes":""},"class_list":["post-808","page","type-page","status-publish","hentry"],"jetpack_sharing_enabled":true,"_links":{"self":[{"href":"https:\/\/toncaraim.com\/index.php?rest_route=\/wp\/v2\/pages\/808","targetHints":{"allow":["GET"]}}],"collection":[{"href":"https:\/\/toncaraim.com\/index.php?rest_route=\/wp\/v2\/pages"}],"about":[{"href":"https:\/\/toncaraim.com\/index.php?rest_route=\/wp\/v2\/types\/page"}],"author":[{"embeddable":true,"href":"https:\/\/toncaraim.com\/index.php?rest_route=\/wp\/v2\/users\/1"}],"replies":[{"embeddable":true,"href":"https:\/\/toncaraim.com\/index.php?rest_route=%2Fwp%2Fv2%2Fcomments&post=808"}],"version-history":[{"count":5,"href":"https:\/\/toncaraim.com\/index.php?rest_route=\/wp\/v2\/pages\/808\/revisions"}],"predecessor-version":[{"id":832,"href":"https:\/\/toncaraim.com\/index.php?rest_route=\/wp\/v2\/pages\/808\/revisions\/832"}],"wp:attachment":[{"href":"https:\/\/toncaraim.com\/index.php?rest_route=%2Fwp%2Fv2%2Fmedia&parent=808"}],"curies":[{"name":"wp","href":"https:\/\/api.w.org\/{rel}","templated":true}]}}